{"id":165,"date":"2025-04-16T18:06:39","date_gmt":"2025-04-16T18:06:39","guid":{"rendered":"http:\/\/tennis.fsvpivitsheide.de\/?page_id=165"},"modified":"2025-04-16T20:06:03","modified_gmt":"2025-04-16T20:06:03","slug":"tennisplatz-faq","status":"publish","type":"page","link":"https:\/\/fsvpivitsheide.de\/TennisNeu\/tennisplatz-faq\/","title":{"rendered":"Tennisplatz FAQ"},"content":{"rendered":"\n<p><strong>Toiletten<\/strong><\/p>\n\n\n\n<p>Am Tennisplatz stehen in der Sporthalle Toiletten zur Verf\u00fcgung, sofern diese ge\u00f6ffnet ist. Bitte nur im Notfall benutzen. Weiterhin k\u00f6nnen auch beim Sportplatz vom FSV Toiletten genutzt werden, sofern dort ge\u00f6ffnet ist.<\/p>\n\n\n\n<p><strong>Umkleiden<\/strong><\/p>\n\n\n\n<p>Umkleiden stehen leider nicht zur Verf\u00fcgung. Der Eingangsbereich des Tennisplatz ist \u00fcberdacht und dort kann man auch Schuhe etc. anziehen. Die Umkleiden der Turnhalle stehen leider nur den jeweiligen Vereinen zur Verf\u00fcgung, welche die Halle benutzen.<\/p>\n\n\n\n<p><strong>Regen<\/strong><\/p>\n\n\n\n<p>Sollte Regen aufkommen, so kann das Spiel unterbrochen und sofern keiner den Tennisplatz gebucht hat danach weitergef\u00fchrt werden. Wenn der Regen l\u00e4nger anh\u00e4lt, so kann man dieses nachholen. Dann bitte eine weitere Stunde buchen und im Kommentar kurz erkl\u00e4ren, dass das ein Nachholstunde ist.<\/p>\n\n\n\n<p><strong>Abziehen<\/strong><\/p>\n\n\n\n<p>Nach dem Spiel ist der Tennisplatz abzuziehen. Jedwede Besch\u00e4digung von Linien sind Andr\u00e9 und Sylvia Espenhahn mitzuteilen, sodass diese Zeitnah wieder instand gesetzt werden k\u00f6nnen.<\/p>\n","protected":false},"excerpt":{"rendered":"<p>Toiletten Am Tennisplatz stehen in der Sporthalle Toiletten zur Verf\u00fcgung, sofern diese ge\u00f6ffnet ist. Bitte nur im Notfall benutzen. Weiterhin k\u00f6nnen auch beim Sportplatz vom FSV Toiletten genutzt werden, sofern dort ge\u00f6ffnet ist. Umkleiden Umkleiden stehen leider nicht zur Verf\u00fcgung. Der Eingangsbereich des Tennisplatz ist \u00fcberdacht und dort kann man auch Schuhe etc. anziehen. Die [&hellip;]<\/p>\n","protected":false},"author":1,"featured_media":0,"parent":0,"menu_order":0,"comment_status":"closed","ping_status":"closed","template":"","meta":{"footnotes":""},"class_list":["post-165","page","type-page","status-publish","hentry"],"_links":{"self":[{"href":"https:\/\/fsvpivitsheide.de\/TennisNeu\/wp-json\/wp\/v2\/pages\/165","targetHints":{"allow":["GET"]}}],"collection":[{"href":"https:\/\/fsvpivitsheide.de\/TennisNeu\/wp-json\/wp\/v2\/pages"}],"about":[{"href":"https:\/\/fsvpivitsheide.de\/TennisNeu\/wp-json\/wp\/v2\/types\/page"}],"author":[{"embeddable":true,"href":"https:\/\/fsvpivitsheide.de\/TennisNeu\/wp-json\/wp\/v2\/users\/1"}],"replies":[{"embeddable":true,"href":"https:\/\/fsvpivitsheide.de\/TennisNeu\/wp-json\/wp\/v2\/comments?post=165"}],"version-history":[{"count":3,"href":"https:\/\/fsvpivitsheide.de\/TennisNeu\/wp-json\/wp\/v2\/pages\/165\/revisions"}],"predecessor-version":[{"id":215,"href":"https:\/\/fsvpivitsheide.de\/TennisNeu\/wp-json\/wp\/v2\/pages\/165\/revisions\/215"}],"wp:attachment":[{"href":"https:\/\/fsvpivitsheide.de\/TennisNeu\/wp-json\/wp\/v2\/media?parent=165"}],"curies":[{"name":"wp","href":"https:\/\/api.w.org\/{rel}","templated":true}]}}